{"id":3570,"date":"2023-09-29T07:33:08","date_gmt":"2023-09-29T05:33:08","guid":{"rendered":"https:\/\/die-immobilienhaendler.de\/?page_id=3570"},"modified":"2023-10-04T17:29:15","modified_gmt":"2023-10-04T15:29:15","slug":"impressum","status":"publish","type":"page","link":"https:\/\/www.wbkp.de\/index.php\/impressum\/","title":{"rendered":"Impressum"},"content":{"rendered":"<div id='full_slider_1'  class='avia-fullwidth-slider main_color avia-shadow   avia-builder-el-0  el_before_av_textblock  avia-builder-el-first   container_wrap sidebar_right'  ><div  class='avia-slideshow av-9iijcy-e73f45ce57b0a423fc62e0ec9c75c4f1 avia-slideshow-featured av_slideshow_full avia-slide-slider av-slideshow-ui av-control-default av-slideshow-autoplay av-loop-endless av-loop-manual-endless av-default-height-applied   avia-slideshow-1' data-slideshow-options=\"{&quot;animation&quot;:&quot;slide&quot;,&quot;autoplay&quot;:true,&quot;loop_autoplay&quot;:&quot;endless&quot;,&quot;interval&quot;:3,&quot;loop_manual&quot;:&quot;manual-endless&quot;,&quot;autoplay_stopper&quot;:false,&quot;noNavigation&quot;:false,&quot;bg_slider&quot;:false,&quot;keep_padding&quot;:false,&quot;hoverpause&quot;:false,&quot;show_slide_delay&quot;:0}\"  itemprop=\"image\" itemscope=\"itemscope\" itemtype=\"https:\/\/schema.org\/ImageObject\" ><ul class='avia-slideshow-inner ' style='padding-bottom: 28.666666666667%;'><li  class='avia-slideshow-slide av-9iijcy-e73f45ce57b0a423fc62e0ec9c75c4f1__0  slide-1 slide-odd'><div data-rel='slideshow-1' class='avia-slide-wrap '   ><img decoding=\"async\" class=\"wp-image-3659 avia-img-lazy-loading-not-3659\"  src=\"https:\/\/www.wbkp.de\/wp-content\/uploads\/2023\/10\/Wohnung-1500x430.jpeg\" width=\"1500\" height=\"430\" title='Wohnung' alt=''  itemprop=\"thumbnailUrl\"   \/><\/div><\/li><li  class='avia-slideshow-slide av-9iijcy-e73f45ce57b0a423fc62e0ec9c75c4f1__1  slide-2 slide-even'><div data-rel='slideshow-1' class='avia-slide-wrap '   ><img decoding=\"async\" class=\"wp-image-3658 avia-img-lazy-loading-not-3658\"  src=\"https:\/\/www.wbkp.de\/wp-content\/uploads\/2023\/10\/Fernsehturm-1500x430.jpeg\" width=\"1500\" height=\"430\" title='Stuttgart' alt=''  itemprop=\"thumbnailUrl\"   \/><\/div><\/li><li  class='avia-slideshow-slide av-9iijcy-e73f45ce57b0a423fc62e0ec9c75c4f1__2  slide-3 slide-odd'><div data-rel='slideshow-1' class='avia-slide-wrap '   ><img decoding=\"async\" class=\"wp-image-3661 avia-img-lazy-loading-not-3661\"  src=\"https:\/\/www.wbkp.de\/wp-content\/uploads\/2023\/10\/Boeblingen-1500x430.jpeg\" width=\"1500\" height=\"430\" title='B\u00f6blingen' alt=''  itemprop=\"thumbnailUrl\"   \/><\/div><\/li><li  class='avia-slideshow-slide av-9iijcy-e73f45ce57b0a423fc62e0ec9c75c4f1__3  slide-4 slide-even'><div data-rel='slideshow-1' class='avia-slide-wrap '   ><img decoding=\"async\" class=\"wp-image-3660 avia-img-lazy-loading-not-3660\"  src=\"https:\/\/www.wbkp.de\/wp-content\/uploads\/2023\/10\/Wohnungen-1500x430.jpeg\" width=\"1500\" height=\"430\" title='Wohnungen' alt=''  itemprop=\"thumbnailUrl\"   \/><\/div><\/li><\/ul><div class='avia-slideshow-arrows avia-slideshow-controls' ><a href='#prev' class='prev-slide ' aria-hidden='true' data-av_icon='\ue87c' data-av_iconfont='entypo-fontello'  tabindex='-1'>Zur\u00fcck<\/a><a href='#next' class='next-slide ' aria-hidden='true' data-av_icon='\ue87d' data-av_iconfont='entypo-fontello'  tabindex='-1'>Weiter<\/a><\/div><div class='avia-slideshow-dots avia-slideshow-controls'><a href='#1' class='goto-slide active' >1<\/a><a href='#2' class='goto-slide ' >2<\/a><a href='#3' class='goto-slide ' >3<\/a><a href='#4' class='goto-slide ' >4<\/a><\/div><\/div><\/div><div id='after_full_slider_1'  class='main_color av_default_container_wrap container_wrap sidebar_right'  ><div class='container av-section-cont-open' ><div class='template-page content  av-content-small alpha units'><div class='post-entry post-entry-type-page post-entry-3570'><div class='entry-content-wrapper clearfix'>\n<section  class='av_textblock_section av-ln465513-6e5af53a077c8e69986eea1cb4f4abf3 '   itemscope=\"itemscope\" itemtype=\"https:\/\/schema.org\/CreativeWork\" ><div class='avia_textblock'  itemprop=\"text\" ><p id=\"qZzwT168Bucpraxw\"><span id=\"h9daOS4tYPDoxtAn\">WBKP IMMOBILIEN GMBH<\/span><\/p>\n<p id=\"T6n0QBBNWcquFQDV\"><span id=\"kTRp3YB3lvoZ9wdf\">HEILIGENWIESEN 8<\/span><\/p>\n<p id=\"lM4qkTqcOkcD9Rg3\"><span id=\"hNdfHdKfAH40P58q\">70327 STUTTGART<\/span><\/p>\n<p id=\"D4X8f4q7HAcg8PLv\"><span id=\"uE2VgLip8UBJNFXJ\">TEL. 0711 \/ 18 422 612<\/span><\/p>\n<p id=\"bAIs1t1r9siTpvsB\"><span id=\"CSSwiIy60ycDcNug\">FAX. 0711 \/ 18 422 619<\/span><\/p>\n<p id=\"IzKoq0Qet8cjNHLz\"><span id=\"qXHB8OtyZBOL4Jfs\">INFO@WBKP.DE<\/span><\/p>\n<p id=\"JVFbInsCmKzlD6Nz\"><span id=\"xAzT6fng5RkkZLdl\">GESCH\u00c4FTSF\u00dcHRER: FLORIAN HEINISCH<\/span><\/p>\n<p id=\"bTMCttavGqL1iy1R\"><span id=\"qPwuNHIWiBTEiy9T\">V.I.S.D.P. UND NACH \u00a76 TELEDIENSTGESETZ: FLORIAN HEINISCH<\/span><\/p>\n<p id=\"aOsryQg8i1at2R99\"><span id=\"Gy7YM8CPljhVaVSd\">HANDELSREGISTER: HRB 790410 AG STUTTGART<\/span><\/p>\n<p id=\"aoQndY139WHktQt5\"><span id=\"HwzdJwCewJd87tkc\">ZUST\u00c4NDIGE AUFSICHTSBEH\u00d6RDE: INDUSTRIE- UND HANDELSKAMMER (IHK) REGION STUTTGART<\/span><\/p>\n<p id=\"hnM8BesPwUdKXw4y\"><span id=\"d6GhJEc7Q5JM0HIc\">ERLAUBNIS NACH \u00a734 C GEWO LIEGT VOR<\/span><\/p>\n<p id=\"znCesIuwWjKKBq1l\"><span id=\"qNQCPUbKJf5OrjbT\">UMSATZSTEUERIDENTIFIKATIONSNUMMER: DE363069390<\/span><\/p>\n<p id=\"LBjBZhMgKRWN1wty\"><span id=\"P1ny36VvC6i5NNql\">HAFTUNGSAUSSCHLUSS<\/span><\/p>\n<p id=\"xJZjsxGsE4Yf4MGC\"><span id=\"FdLST34SXIEZj4lZ\">1. INHALT DES ONLINEANGEBOTES<\/span><\/p>\n<p id=\"RjQkbcswG9m732XR\"><span id=\"idjDEoLAYfKD2vYr\">DER AUTOR \u00dcBERNIMMT KEINERLEI GEW\u00c4HR F\u00dcR DIE AKTUALIT\u00c4T, KORREKTHEIT, VOLLST\u00c4NDIGKEIT ODER QUALIT\u00c4T DER BEREITGESTELLTEN INFORMATIONEN. HAFTUNGSANSPR\u00dcCHE GEGEN DEN AUTOR, WELCHE SICH AUF SCH\u00c4DEN MATERIELLER ODER IDEELLER ART BEZIEHEN, DIE DURCH DIE NUTZUNG ODER NICHTNUTZUNG DER DARGEBOTENEN INFORMATIONEN BZW. DURCH DIE NUTZUNG FEHLERHAFTER UND UNVOLLST\u00c4NDIGER INFORMATIONEN VERURSACHT WURDEN, SIND GRUNDS\u00c4TZLICH AUSGESCHLOSSEN, SOFERN SEITENS DES AUTORS KEIN NACHWEISLICH VORS\u00c4TZLICHES ODER GROB FAHRL\u00c4SSIGES VERSCHULDEN VORLIEGT.<\/span><\/p>\n<p id=\"DlnAWHIQBEx8nTVY\"><span id=\"xCM3mMYDANeNiRZU\">ALLE ANGEBOTE SIND FREIBLEIBEND UND UNVERBINDLICH. DER AUTOR BEH\u00c4LT ES SICH AUSDR\u00dcCKLICH VOR, TEILE DER SEITEN ODER DAS GESAMTE ANGEBOT OHNE GESONDERTE ANK\u00dcNDIGUNG ZU VER\u00c4NDERN, ZU ERG\u00c4NZEN, ZU L\u00d6SCHEN ODER DIE VER\u00d6FFENTLICHUNG ZEITWEISE ODER ENDG\u00dcLTIG EINZUSTELLEN.<\/span><\/p>\n<p id=\"M8o6CE8M8F2YDguG\"><span id=\"qUKlRoutpoNKrRNv\">2. VERWEISE UND LINKS<\/span><\/p>\n<p id=\"rS74PgTZ5ieHuDkb\"><span id=\"nh34MoYH3blHuIL3\">BEI DIREKTEN ODER INDIREKTEN VERWEISEN AUF FREMDE WEBSEITEN (\u201eHYPERLINKS\u201c), DIE AUSSERHALB DES VERANTWORTUNGSBEREICHES DES AUTORS LIEGEN, W\u00dcRDE EINE HAFTUNGSVERPFLICHTUNG AUSSCHLIESSLICH IN DEM FALL IN KRAFT TRETEN, IN DEM DER AUTOR VON DEN INHALTEN KENNTNIS HAT UND ES IHM TECHNISCH M\u00d6GLICH UND ZUMUTBAR W\u00c4RE, DIE NUTZUNG IM FALLE RECHTSWIDRIGER INHALTE ZU VERHINDER<\/span><\/p>\n<p id=\"OcQKcigqnkpa3ajd\"><span id=\"RlR52SY0ZtKbO2YE\">DER AUTOR ERKL\u00c4RT HIERMIT AUSDR\u00dcCKLICH, DASS ZUM ZEITPUNKT DER LINKSETZUNG KEINE ILLEGALEN INHALTE AUF DEN ZU VERLINKENDEN SEITEN ERKENNBAR WAREN. AUF DIE AKTUELLE UND ZUK\u00dcNFTIGE GESTALTUNG, DIE INHALTE ODER DIE URHEBERSCHAFT DER VERLINKTEN\/VERKN\u00dcPFTEN SEITEN HAT DER AUTOR KEINERLEI EINFLUSS. DESHALB DISTANZIERT ER SICH HIERMIT AUSDR\u00dcCKLICH VON ALLEN INHALTEN ALLER VERLINKTEN \/VERKN\u00dcPFTEN SEITEN, DIE NACH DER LINKSETZUNG VER\u00c4NDERT WURDEN. DIESE FESTSTELLUNG GILT F\u00dcR ALLE INNERHALB DES EIGENEN INTERNETANGEBOTES GESETZTEN LINKS UND VERWEISE SOWIE F\u00dcR FREMDEINTR\u00c4GE IN VOM AUTOR EINGERICHTETEN G\u00c4STEB\u00dcCHERN, DISKUSSIONSFOREN, LINKVERZEICHNISSEN, MAILINGLISTEN UND IN ALLEN ANDEREN FORMEN VON DATENBANKEN, AUF DEREN INHALT EXTERNE SCHREIBZUGRIFFE M\u00d6GLICH SIND. F\u00dcR ILLEGALE, FEHLERHAFTE ODER UNVOLLST\u00c4NDIGE INHALTE UND INSBESONDERE F\u00dcR SCH\u00c4DEN, DIE AUS DER NUTZUNG ODER NICHTNUTZUNG SOLCHERART DARGEBOTENER INFORMATIONEN ENTSTEHEN, HAFTET ALLEIN DER ANBIETER DER SEITE, AUF WELCHE VERWIESEN WURDE, NICHT DERJENIGE, DER \u00dcBER LINKS AUF DIE JEWEILIGE VER\u00d6FFENTLICHUNG LEDIGLICH VERWEIST.<\/span><\/p>\n<p id=\"cRVgmmOe7puRE1ar\"><span id=\"jZ5Duryp0TLAnBxv\">3. URHEBER- UND KENNZEICHENRECHT<\/span><\/p>\n<p id=\"hNg4J4aQhDAk7ZUB\"><span id=\"mbEQQTOXvidWS6AU\">DER AUTOR IST BESTREBT, IN ALLEN PUBLIKATIONEN DIE URHEBERRECHTE DER VERWENDETEN BILDER, GRAFIKEN, TONDOKUMENTE, VIDEOSEQUENZEN UND TEXTE ZU BEACHTEN, VON IHM SELBST ERSTELLTE BILDER, GRAFIKEN, TONDOKUMENTE, VIDEOSEQUENZEN UND TEXTE ZU NUTZEN ODER AUF LIZENZFREIE GRAFIKEN, TONDOKUMENTE, VIDEOSEQUENZEN UND TEXTE ZUR\u00dcCKZUGREIFEN.<\/span><\/p>\n<p id=\"zSKhVJWiKOfWs6Nw\"><span id=\"VD1q0bO1B8vqcvHu\">ALLE INNERHALB DES INTERNETANGEBOTES GENANNTEN UND GGF. DURCH DRITTE GESCH\u00dcTZTEN MARKEN- UND WARENZEICHEN UNTERLIEGEN UNEINGESCHR\u00c4NKT DEN BESTIMMUNGEN DES JEWEILS G\u00dcLTIGEN KENNZEICHENRECHTS UND DEN BESITZRECHTEN DER JEWEILIGEN EINGETRAGENEN EIGENT\u00dcMER. ALLEIN AUFGRUND DER BLOSSEN NENNUNG IST NICHT DER SCHLUSS ZU ZIEHEN, DASS MARKENZEICHEN NICHT DURCH RECHTE DRITTER GESCH\u00dcTZT SIND<\/span><\/p>\n<p id=\"NT1NXBMZmdwyBEwy\"><span id=\"Wb6mdBUKcloNI0DF\">DAS COPYRIGHT F\u00dcR VER\u00d6FFENTLICHTE, VOM AUTOR SELBST ERSTELLTE OBJEKTE BLEIBT ALLEIN BEIM AUTOR DER SEITEN. EINE VERVIELF\u00c4LTIGUNG ODER VERWENDUNG SOLCHER GRAFIKEN, TONDOKUMENTE, VIDEOSEQUENZEN UND TEXTE IN ANDEREN ELEKTRONISCHEN ODER GEDRUCKTEN PUBLIKATIONEN IST OHNE AUSDR\u00dcCKLICHE ZUSTIMMUNG DES AUTORS NICHT GESTATTET.<\/span><\/p>\n<p id=\"LRJitFWXmfvxisWB\"><span id=\"zmj6wUYzXBtYsUFb\">4. RECHTSWIRKSAMKEIT DIESES HAFTUNGSAUSSCHLUSSES<\/span><\/p>\n<p id=\"VQV3qlHgN05nHhGj\"><span id=\"lLqJJTVmB46TRwkZ\">DIESER HAFTUNGSAUSSCHLUSS IST ALS TEIL DES INTERNETANGEBOTES ZU BETRACHTEN, VON DEM AUS AUF DIESE SEITE VERWIESEN WURDE. SOFERN TEILE ODER EINZELNE FORMULIERUNGEN DIESES TEXTES DER GELTENDEN RECHTSLAGE NICHT, NICHT MEHR ODER NICHT VOLLST\u00c4NDIG ENTSPRECHEN SOLLTEN, BLEIBEN DIE \u00dcBRIGEN TEILE DES DOKUMENTES IN IHREM INHALT UND IHRER G\u00dcLTIGKEIT DAVON UNBER\u00dcHRT.<\/span><\/p>\n<\/div><\/section>\n","protected":false},"excerpt":{"rendered":"","protected":false},"author":2,"featured_media":0,"parent":0,"menu_order":0,"comment_status":"closed","ping_status":"closed","template":"","meta":{"_bbp_topic_count":0,"_bbp_reply_count":0,"_bbp_total_topic_count":0,"_bbp_total_reply_count":0,"_bbp_voice_count":0,"_bbp_anonymous_reply_count":0,"_bbp_topic_count_hidden":0,"_bbp_reply_count_hidden":0,"_bbp_forum_subforum_count":0,"footnotes":""},"class_list":["post-3570","page","type-page","status-publish","hentry"],"_links":{"self":[{"href":"https:\/\/www.wbkp.de\/index.php\/wp-json\/wp\/v2\/pages\/3570","targetHints":{"allow":["GET"]}}],"collection":[{"href":"https:\/\/www.wbkp.de\/index.php\/wp-json\/wp\/v2\/pages"}],"about":[{"href":"https:\/\/www.wbkp.de\/index.php\/wp-json\/wp\/v2\/types\/page"}],"author":[{"embeddable":true,"href":"https:\/\/www.wbkp.de\/index.php\/wp-json\/wp\/v2\/users\/2"}],"replies":[{"embeddable":true,"href":"https:\/\/www.wbkp.de\/index.php\/wp-json\/wp\/v2\/comments?post=3570"}],"version-history":[{"count":7,"href":"https:\/\/www.wbkp.de\/index.php\/wp-json\/wp\/v2\/pages\/3570\/revisions"}],"predecessor-version":[{"id":5394,"href":"https:\/\/www.wbkp.de\/index.php\/wp-json\/wp\/v2\/pages\/3570\/revisions\/5394"}],"wp:attachment":[{"href":"https:\/\/www.wbkp.de\/index.php\/wp-json\/wp\/v2\/media?parent=3570"}],"curies":[{"name":"wp","href":"https:\/\/api.w.org\/{rel}","templated":true}]}}